{"id":6,"date":"2021-02-17T19:11:13","date_gmt":"2021-02-17T19:11:13","guid":{"rendered":"https:\/\/www.aigner-dt.de\/?page_id=6"},"modified":"2021-02-19T10:57:30","modified_gmt":"2021-02-19T10:57:30","slug":"ueber-uns","status":"publish","type":"page","link":"https:\/\/www.aigner-dt.de\/?page_id=6","title":{"rendered":"Agbs \/ Impressum"},"content":{"rendered":"\r\n<p><span style=\"color: #000000;\"><span style=\"font-family: HelveticaNeue;\"><span style=\"font-size: medium;\">Rechtliche Informationen des Verk\u00e4ufers<\/span><\/span><\/span><\/p>\r\n<p><span style=\"color: #000000;\"><span style=\"font-family: HelveticaNeue;\"><span style=\"font-size: medium;\">Juregen Aigner<\/span><\/span><\/span><\/p>\r\n<p><span style=\"color: #000000;\"><span style=\"font-family: HelveticaNeue;\"><span style=\"font-size: medium;\">Monheimstr.11<\/span><\/span><\/span><\/p>\r\n<p><span style=\"color: #000000;\"><span style=\"font-family: HelveticaNeue;\"><span style=\"font-size: medium;\">53229 Bonn<\/span><\/span><\/span><\/p>\r\n<p><span style=\"color: #000000;\"><span style=\"font-family: HelveticaNeue;\"><span style=\"font-size: medium;\">DE<\/span><\/span><\/span><\/p>\r\n<p><span style=\"color: #000000;\"><span style=\"font-size: medium;\"><span style=\"font-family: HelveticaNeue;\">Telefon:0004<\/span><span style=\"font-family: HelveticaNeue;\">4917621741193<\/span><\/span><\/span><\/p>\r\n<p><span style=\"color: #000000;\"><span style=\"font-size: medium;\"><span style=\"font-family: HelveticaNeue;\">E-Mail:<a href=\"mailto:aigner_datentechnik@gmx.de\">aigner_datentechnik@gmx.de<\/a><\/span><\/span><\/span><\/p>\r\n<p><span style=\"color: #000000;\"><span style=\"font-size: medium;\"><span style=\"font-family: HelveticaNeue;\">www.aigner-dt.de, <a href=\"http:\/\/www.millumi.de\/\">www.millumi.de<\/a>, www.creative-pcb.de<\/span><\/span><\/span><\/p>\r\n<p><span style=\"color: #000000;\"><span style=\"font-family: HelveticaNeue;\"><span style=\"font-size: medium;\">Allgemeine Gesch\u00e4ftsbedingungen \u00a71 Allgemeines \u2028Die nachstehenden Allgemeinen Lieferbedingungen von millumi-de werden als Bestandteil unseres Internetangebotes bzw. des infolge dieses zu schlie\u00dfenden Vertrages, als auch als Bestandteil s\u00e4mtlicher noch folgender Liefervertr\u00e4ge vereinbart. \u2028Entgegenstehenden Bedingungen des K\u00e4ufers wird ausdr\u00fccklich widersprochen, auch f\u00fcr den Fall, dass die entgegenstehenden Bedingungen in einem Best\u00e4tigungsschreiben oder auf sonstige Weise \u00fcbermittelt werden.<\/span><\/span><\/span><\/p>\r\n<p><span style=\"color: #000000;\"><span style=\"font-size: medium;\"><span style=\"font-family: HelveticaNeue;\">Anmeldenummer im \u00f6rtlichen Handelsregister oder anderen Registern: 206-5002-7702<\/span><\/span><\/span><\/p>\r\n<p><span style=\"color: #000000;\"><span style=\"font-size: medium;\"><span style=\"font-family: HelveticaNeue;\">Umsatzsteuer-Identifikationsnummer: DE 203166686<\/span><\/span><\/span><\/p>\r\n<p><span style=\"color: #000000;\"><span style=\"font-family: HelveticaNeue;\"><span style=\"font-size: medium;\">Die Mehrwertsteuer wird auf meinen Rechnungen separat ausgewiesen.<\/span><\/span><\/span><\/p>\r\n<p><a href=\"http:\/\/cgi.ebay.de\/ws\/eBayISAPI.dll?ViewItem&amp;category=100059&amp;item=261299330921&amp;rt=nc&amp;print=all&amp;si=ChOly8nQJcoZ9zKpEYElSqRa9M0%3D\"><span style=\"color: #000000;\"><span style=\"font-family: HelveticaNeue;\"><span style=\"font-size: medium;\">Druckversion<\/span><\/span><\/span><\/a><\/p>\r\n<p><span style=\"color: #000000;\"><span style=\"font-family: HelveticaNeue;\"><span style=\"font-size: medium;\">Allgemeine Gesch\u00e4ftsbedingungen f\u00fcr dieses Angebot<\/span><\/span><\/span><\/p>\r\n<p><span style=\"color: #000000;\"><span style=\"font-family: HelveticaNeue;\"><span style=\"font-size: medium;\">Rechtliche Informationen des Verk\u00e4ufers<\/span><\/span><\/span><\/p>\r\n<p><span style=\"color: #000000;\"><span style=\"font-family: HelveticaNeue;\"><span style=\"font-size: medium;\">Juregen Aigner<\/span><\/span><\/span><\/p>\r\n<p><span style=\"color: #000000;\"><span style=\"font-family: HelveticaNeue;\"><span style=\"font-size: medium;\">Monheimstr.11<\/span><\/span><\/span><\/p>\r\n<p><span style=\"color: #000000;\"><span style=\"font-family: HelveticaNeue;\"><span style=\"font-size: medium;\">53229 Bonn<\/span><\/span><\/span><\/p>\r\n<p><span style=\"color: #000000;\"><span style=\"font-family: HelveticaNeue;\"><span style=\"font-size: medium;\">DE<\/span><\/span><\/span><\/p>\r\n<p><span style=\"color: #000000;\"><span style=\"font-size: medium;\"><span style=\"font-family: HelveticaNeue;\">Telefon:004<\/span><span style=\"font-family: HelveticaNeue;\">4917621741193<\/span><\/span><\/span><\/p>\r\n<p><span style=\"color: #000000;\"><span style=\"font-family: HelveticaNeue;\"><span style=\"font-size: medium;\">E-Mail:<\/span><\/span><\/span><a href=\"mailto:aigner_datentechnik@gmx.de\">aigner_datentechnik@gmx.de<\/a><\/p>\r\n<p><span style=\"color: #000000;\"><span style=\"font-family: HelveticaNeue;\"><span style=\"font-size: medium;\">Allgemeine Gesch\u00e4ftsbedingungen f\u00fcr dieses Angebot<\/span><\/span><\/span><\/p>\r\n<p><span style=\"color: #000000;\"><span style=\"font-family: HelveticaNeue;\"><span style=\"font-size: medium;\">Allgemeine Gesch\u00e4ftsbedingungen \u00a71 Allgemeines \u2028Die nachstehenden Allgemeinen Lieferbedingungen von millumi-de werden als Bestandteil unseres Internetangebotes bzw. des infolge dieses zu schlie\u00dfenden Vertrages, als auch als Bestandteil s\u00e4mtlicher noch folgender Liefervertr\u00e4ge vereinbart. \u2028Entgegenstehenden Bedingungen des K\u00e4ufers wird ausdr\u00fccklich widersprochen, auch f\u00fcr den Fall, dass die entgegenstehenden Bedingungen in einem Best\u00e4tigungsschreiben oder auf sonstige Weise \u00fcbermittelt werden.<\/span><\/span><\/span><\/p>\r\n<p><span style=\"color: #000000;\"><span style=\"font-size: medium;\"><span style=\"font-family: HelveticaNeue;\">Anmeldenummer im \u00f6rtlichen Handelsregister oder anderen Registern: 206-5002-1375<\/span><\/span><\/span><\/p>\r\n<p><span style=\"color: #000000;\"><span style=\"font-size: medium;\"><span style=\"font-family: HelveticaNeue;\">Umsatzsteuer-Identifikationsnummer: DE 203166686<\/span><\/span><\/span><\/p>\r\n<p><span style=\"color: #000000;\"><span style=\"font-family: HelveticaNeue;\"><span style=\"font-size: medium;\">Die Mehrwertsteuer wird auf meinen Rechnungen separat ausgewiesen.<\/span><\/span><\/span><\/p>\r\n<p><span style=\"color: #000000;\"><span style=\"font-family: HelveticaNeue;\"><span style=\"font-size: medium;\">Widerrufs- oder R\u00fcckgabebelehrung<\/span><\/span><\/span><\/p>\r\n<p><span style=\"color: #000000;\"><span style=\"font-family: HelveticaNeue;\"><span style=\"font-size: medium;\">Widerrufs- oder R\u00fcckgabebelehrung<\/span><\/span><\/span><\/p>\r\n<p><span style=\"color: #000000;\"><span style=\"font-family: HelveticaNeue;\"><span style=\"font-size: medium;\">Widerrufsbelehrung Widerrufsrecht Verbrauchern steht nach den Vorschriften \u00fcber Fernabsatzvertr\u00e4ge in Bezug auf die gekauften Artikel ein Widerrufsrecht nach Ma\u00dfgabe der folgenden Belehrung zu: Als Verbraucher k\u00f6nnen Sie Ihre Vertragserkl\u00e4rung innerhalb von einem Monat ohne Angabe von Gr\u00fcnden in Textform (z. B. Brief, Fax, E-Mail) oder &#8211; wenn Ihnen die Sache vor Fristablauf \u00fcberlassen wird &#8211; durch R\u00fccksendung der Sache widerrufen. Die Frist beginnt nach Erhalt dieser Belehrung in Textform, jedoch nicht vor Eingang der Ware beim Empf\u00e4nger (bei der wiederkehrenden Lieferung gleichartiger Waren nicht vor Eingang der ersten Teillieferung) und auch nicht vor Erf\u00fcllung unserer Informationspflichten gem\u00e4\u00df \u00a7 312c Abs. 2 BGB in Verbindung mit \u00a7 1 Abs. 1, 2 und 4 BGB-InfoV sowie unserer Pflichten gem\u00e4\u00df \u00a7 312e Abs. 1 Satz 1 BGB in Verbindung mit \u00a7 3 BGB-InfoV. Zur Wahrung der Widerrufsfrist gen\u00fcgt die rechtzeitige Absendung des Widerrufs oder der Sache. Der Widerruf ist zu richten an: ADT GbR Monheimstr.11 53229 Bonn Fax: 0228-9480195 E-Mail: jueb28@gmx.de Das Widerrufsrecht besteht entsprechend \u00a7 312 d Abs. 4 BGB unter anderem nicht bei Vertr\u00e4gen \u2022 zur Lieferung von Waren, die nach Kundenspezifikation angefertigt werden oder eindeutig auf die pers\u00f6nlichen Bed\u00fcrfnisse zugeschnitten sind oder die aufgrund ihrer Beschaffenheit nicht f\u00fcr eine R\u00fccksendung geeignet sind oder schnell verderben k\u00f6nnen oder deren Verfallsdatum \u00fcberschritten w\u00fcrde, \u2022 zur Lieferung von Audio- oder Videoaufzeichnungen (u.a. auch CDs oder DVDs) oder von Software, sofern die gelieferten Datentr\u00e4ger vom Verbraucher entsiegelt worden sind, Widerrufsfolgen Im Falle eines wirksamen Widerrufs sind die beiderseits empfangenen Leistungen zur\u00fcckzugew\u00e4hren und ggf. gezogene Nutzungen (z. B. Zinsen) herauszugeben. K\u00f6nnen Sie uns die empfangene Leistung ganz oder teilweise nicht oder nur in verschlechtertem Zustand zur\u00fcckgew\u00e4hren, m\u00fcssen Sie uns insoweit ggf. Wertersatz leisten. Bei der \u00dcberlassung von Sachen gilt dies nicht, wenn die Verschlechterung der Sache ausschlie\u00dflich auf deren Pr\u00fcfung &#8211; wie sie Ihnen etwa im Ladengesch\u00e4ft m\u00f6glich gewesen w\u00e4re &#8211; zur\u00fcckzuf\u00fchren ist. F\u00fcr eine durch die bestimmungsgem\u00e4\u00dfe Ingebrauchnahme der Sache entstandene Verschlechterung m\u00fcssen Sie keinen Wertersatz leisten. Paketversandf\u00e4hige Sachen sind auf unsere Gefahr zur\u00fcckzusenden. Sie haben die Kosten der R\u00fccksendung zu tragen, wenn die gelieferte Ware der bestellten entspricht und wenn der Preis der zur\u00fcckzusendenden Sache einen Betrag von 40 Euro nicht \u00fcbersteigt oder wenn Sie bei einem h\u00f6heren Preis der Sache zum Zeitpunkt des Widerrufs noch nicht die Gegenleistung oder eine vertraglich vereinbarte Teilzahlung erbracht haben. Anderenfalls ist die R\u00fccksendung f\u00fcr Sie kostenfrei. Nicht paketversandf\u00e4hige Sachen werden bei Ihnen abgeholt. Verpflichtungen zur Erstattung von Zahlungen m\u00fcssen innerhalb von 30 Tagen erf\u00fcllt werden. Die Frist beginnt f\u00fcr Sie mit der Absendung Ihrer Widerrufserkl\u00e4rung oder der Sache, f\u00fcr uns mit deren Empfang.<\/span><\/span><\/span><\/p>\r\n<p><span style=\"color: #000000;\"><span style=\"font-family: ArialMT, sans-serif;\"><span style=\"font-size: medium;\">&#8212;&#8212;&#8212;&#8212;&#8212;&#8212;&#8212;&#8212;&#8212;<\/span><\/span><\/span><\/p>\r\n","protected":false},"excerpt":{"rendered":"<p>Rechtliche Informationen des Verk\u00e4ufers Juregen Aigner Monheimstr.11 53229 Bonn DE Telefon:00044917621741193 E-Mail:aigner_datentechnik@gmx.de www.aigner-dt.de, www.millumi.de, www.creative-pcb.de Allgemeine Gesch\u00e4ftsbedingungen \u00a71 Allgemeines \u2028Die nachstehenden Allgemeinen Lieferbedingungen von millumi-de werden als Bestandteil unseres Internetangebotes bzw. des infolge dieses zu schlie\u00dfenden Vertrages, als auch als Bestandteil s\u00e4mtlicher noch folgender Liefervertr\u00e4ge vereinbart. \u2028Entgegenstehenden Bedingungen des K\u00e4ufers wird ausdr\u00fccklich widersprochen, auch f\u00fcr&hellip; <a href=\"https:\/\/www.aigner-dt.de\/?page_id=6\" class=\"more-link\">Weiterlesen <span class=\"screen-reader-text\">Agbs \/ Impressum<\/span><\/a><\/p>\n","protected":false},"author":1,"featured_media":0,"parent":0,"menu_order":0,"comment_status":"closed","ping_status":"closed","template":"","meta":{"spay_email":""},"_links":{"self":[{"href":"https:\/\/www.aigner-dt.de\/index.php?rest_route=\/wp\/v2\/pages\/6"}],"collection":[{"href":"https:\/\/www.aigner-dt.de\/index.php?rest_route=\/wp\/v2\/pages"}],"about":[{"href":"https:\/\/www.aigner-dt.de\/index.php?rest_route=\/wp\/v2\/types\/page"}],"author":[{"embeddable":true,"href":"https:\/\/www.aigner-dt.de\/index.php?rest_route=\/wp\/v2\/users\/1"}],"replies":[{"embeddable":true,"href":"https:\/\/www.aigner-dt.de\/index.php?rest_route=%2Fwp%2Fv2%2Fcomments&post=6"}],"version-history":[{"count":5,"href":"https:\/\/www.aigner-dt.de\/index.php?rest_route=\/wp\/v2\/pages\/6\/revisions"}],"predecessor-version":[{"id":66,"href":"https:\/\/www.aigner-dt.de\/index.php?rest_route=\/wp\/v2\/pages\/6\/revisions\/66"}],"wp:attachment":[{"href":"https:\/\/www.aigner-dt.de\/index.php?rest_route=%2Fwp%2Fv2%2Fmedia&parent=6"}],"curies":[{"name":"wp","href":"https:\/\/api.w.org\/{rel}","templated":true}]}}