{"id":5,"date":"2021-02-17T19:11:13","date_gmt":"2021-02-17T19:11:13","guid":{"rendered":"https:\/\/www.aigner-dt.de\/?page_id=5"},"modified":"2022-12-17T12:11:36","modified_gmt":"2022-12-17T12:11:36","slug":"create-your-website-with-blocks","status":"publish","type":"page","link":"https:\/\/www.aigner-dt.de\/","title":{"rendered":"Ihr Spezialist f\u00fcr nachhaltige Enerieen"},"content":{"rendered":"<p><strong>Photovoltaik Inselanlagen\u00a0\u00a0\u00a0 (Tipp: jetzt schon die Mwst. sparen!)<\/strong><br \/><strong>Nachhaltige Anlagen aus EU!<br \/><\/strong><br \/>Sie haben eine Gaube, Garten, Balkon Garage oder Gartenh\u00fctte <br \/>mit ca. 2x4Meter Platz dann haben wir eine L\u00f6sung.<br \/><br \/>1. Inselanlagen m\u00fcssen nicht teuer sein!<br \/>\u00a0\u00a0\u00a0 Diese werden nur teuer dur die Dienstleitungen der Installateure!<br \/>\u00a0\u00a0 Unsere &#8222;do it youself&#8220; Anlagen sind die L\u00f6sung!<br \/><br \/>\u00a02.Aufbau und Anschluss sind kinderleicht.<br \/>\u00a0\u00a0\u00a0 Es kann nichts falsch gesteckt werden da wir die Stecker und Kabel vorbereiten<br \/><br \/>3. Abolung in Bonn Beuel P\u00fctzchen nach Absprache<br \/>\u00a0\u00a0 Mit einem Kombi oder geliehen Transporter k\u00f6nnen die Anlagen<br \/>\u00a0\u00a0 bei und in Bonn Beuel P\u00fctzchen abgeholt werden<br \/>\u00a0 ( Platzbedarf (ohne Unterkonstruktion) ca. 175x113x10cm)<\/p>\r\n<p><strong><br \/>Angebot 1 (bis 600W)<br \/><\/strong>\u00a0\u00a0\u00a0 2 x PV Module incl. Wechselrichter\u00a0 <strong>999.- excl Mwst.<br \/><br \/>Angebot 2 (900W) <\/strong><strong><br \/><\/strong>\u00a0\u00a0 3 x PV Module incl. Wechselrichter<strong>\u00a0 1348.-excl Mwst.<br \/><\/strong>(ggf. muss durch einen Elektriker die Sicherung angepasst werden)<strong><br \/><br \/>Angebot 3 (1800W)<\/strong> <strong><br \/><\/strong>\u00a0\u00a0 6 x PV Module incl. Wechselrichter<strong> 2706.- excl Mwst.<br \/><\/strong>(ggf. muss durch einen Elektriker die Sicherung angepasst werden)<strong><br \/><br \/><br \/><br \/><img loading=\"lazy\" class=\"alignnone size-full wp-image-182\" src=\"https:\/\/www.aigner-dt.de\/wp-content\/uploads\/2022\/10\/Bildschirmfoto-2022-10-01-um-15.11.27-1.png\" alt=\"\" width=\"224\" height=\"252\" \/><img loading=\"lazy\" class=\"alignnone  wp-image-183\" src=\"https:\/\/www.aigner-dt.de\/wp-content\/uploads\/2022\/10\/Bildschirmfoto-2022-10-01-um-15.12.00-1-215x300.png\" alt=\"\" width=\"180\" height=\"251\" srcset=\"https:\/\/www.aigner-dt.de\/wp-content\/uploads\/2022\/10\/Bildschirmfoto-2022-10-01-um-15.12.00-1-215x300.png 215w, https:\/\/www.aigner-dt.de\/wp-content\/uploads\/2022\/10\/Bildschirmfoto-2022-10-01-um-15.12.00-1.png 457w\" sizes=\"(max-width: 180px) 100vw, 180px\" \/><br \/><br \/><br \/>Wir beraten Sie gerne<br \/><\/strong><\/p>\r\n<p class=\"hide-if-no-js\"><strong>Tel.: 0228-38765593<br \/>Mobil.:01634001889<br \/><br \/><\/strong>Unser Webshop befindet sich im Aufbau.<br \/>Bestellungen werden momentan nur telefonisch angenommen.<\/p>\r\n<p>&nbsp;<\/p>\r\n<p><strong>FAQ:<\/strong><br \/><br \/><strong>Was ist ein Balkonkraftwerk:<\/strong><br \/><br \/>Ein Balkonkraftwerk bis 600W darf von jedem leihen angeschlossen werden.<br \/>Es besteht in der Regel aus zwei Modulen und einem Wechselrichter der aus <br \/>gleichstrom Wechselstrom macht und die Leistung auf 600Watt (lt. Vorgaben des Gestzgebers) berenzt.<\/p>\r\n<p><strong>Wieviel sparte ich mit meinem Balkonkraftwerk?<\/strong><br \/><br \/>je nach Ausrichtung und Winkel spart mir ein Modul bei ca 400Std. Sonnenstunden bei 50cent\/Kwh 200Euro im Jahr<\/p>\r\n<p><strong>Muss ich meine Anlage auf meinem Dach von einem Dachdecker montieren lassen?<\/strong><\/p>\r\n<p>Nein es reicht ein sonnigs Pl\u00e4tzchen, eine Gartenh\u00fctte Fahhradunterstand<\/p>\r\n<p><strong>Wie lange H\u00e4lt mein Kraftwerk?<\/strong><br \/><br \/>Auf die Zellen gibt es eine Herstellergrantie von 25Jahren auf 80% Ertrag<br \/>Der Wechselrichter h\u00e4lt in der Regel 10-20 Jahre<\/p>\r\n<p><strong>Was bringt ein Solarkraftwerk im Winter<\/strong><br \/><br \/>Auch im Winter produziert es aufgrund der k\u00fcrzeren Tage ca. 25% von der Maximalleistung im Sommer<br \/><br \/><strong>Was heisst Watt Peak<\/strong><\/p>\r\n<p>Watt Peak ist die Leistungsabgabe eines Solarmoduls unter Standardbedingungen im Test. <br \/>Peak bedeutet die unter Laborbedingung am h\u00f6chsten gemessene erreichte Leistung des Moduls.<br \/>Im normalen Betrieb wird die Leistung selbst bei voller Sonneneinstrahlung 20% darunter sein.<br \/><br \/><strong>Kann ich einen Stromschlag bekommen.<\/strong><br \/><br \/>Nein! Es ist unm\u00f6glich, da sich nach Abstecken des Wechselrichters <br \/>vom Stromnetz der Strom in 0,1 Sekunden abstellt.<br \/><br \/><strong>Wie sicher sind die Komponenten?<br \/><br \/><\/strong>Alle Module \/ wechselrichter haben T\u00dcV GS Zertifikate.<br \/>Diese k\u00f6nnen im Downloadbereich geladen werden.<\/p>\r\n<p class=\"hide-if-no-js\"><br \/><br \/><strong>F\u00fcr Fragen stehen wir Ihnen weiterhin unter:<\/strong><br \/>Tel.:0228-38765593<br \/>Mobil.:01634001889<br \/>Mail: info@aigner-dt.de<br \/>Zur Verf\u00fcgung<\/p>\r\n<div class=\"wp-block-column is-vertically-aligned-top\"><\/div>\r\n<div class=\"wp-block-cover alignwide has-green-background-color has-background-dim is-style-twentytwentyone-border\">\r\n<div class=\"wp-block-cover__inner-container\">\r\n<p>\r\n\r\n\r\n\r\n<\/p>\r\n<div class=\"wp-block-columns\">\r\n<p><\/p>\r\n<div class=\"wp-block-column\">\r\n<p>&nbsp;<\/p>\r\n<\/div>\r\n\r\n\r\n<\/div>\r\n<!-- \/wp:columns -->\r\n\r\n<!-- wp:spacer {\"height\":20} -->\r\n<div class=\"wp-block-spacer\" style=\"height: 20px;\" aria-hidden=\"true\">\u00a0<\/div>\r\n<!-- \/wp:spacer --><\/div>\r\n<\/div>\r\n<!-- \/wp:cover -->","protected":false},"excerpt":{"rendered":"<p>Photovoltaik Inselanlagen\u00a0\u00a0\u00a0 (Tipp: jetzt schon die Mwst. sparen!)Nachhaltige Anlagen aus EU!Sie haben eine Gaube, Garten, Balkon Garage oder Gartenh\u00fctte mit ca. 2x4Meter Platz dann haben wir eine L\u00f6sung.1. Inselanlagen m\u00fcssen nicht teuer sein!\u00a0\u00a0\u00a0 Diese werden nur teuer dur die Dienstleitungen der Installateure!\u00a0\u00a0 Unsere &#8222;do it youself&#8220; Anlagen sind die L\u00f6sung!\u00a02.Aufbau und Anschluss sind kinderleicht.\u00a0\u00a0\u00a0 Es&hellip; <a href=\"https:\/\/www.aigner-dt.de\/\" class=\"more-link\">Weiterlesen <span class=\"screen-reader-text\">Ihr Spezialist f\u00fcr nachhaltige Enerieen<\/span><\/a><\/p>\n","protected":false},"author":1,"featured_media":181,"parent":0,"menu_order":0,"comment_status":"closed","ping_status":"closed","template":"","meta":{"spay_email":""},"_links":{"self":[{"href":"https:\/\/www.aigner-dt.de\/index.php?rest_route=\/wp\/v2\/pages\/5"}],"collection":[{"href":"https:\/\/www.aigner-dt.de\/index.php?rest_route=\/wp\/v2\/pages"}],"about":[{"href":"https:\/\/www.aigner-dt.de\/index.php?rest_route=\/wp\/v2\/types\/page"}],"author":[{"embeddable":true,"href":"https:\/\/www.aigner-dt.de\/index.php?rest_route=\/wp\/v2\/users\/1"}],"replies":[{"embeddable":true,"href":"https:\/\/www.aigner-dt.de\/index.php?rest_route=%2Fwp%2Fv2%2Fcomments&post=5"}],"version-history":[{"count":18,"href":"https:\/\/www.aigner-dt.de\/index.php?rest_route=\/wp\/v2\/pages\/5\/revisions"}],"predecessor-version":[{"id":26,"href":"https:\/\/www.aigner-dt.de\/index.php?rest_route=\/wp\/v2\/pages\/5\/revisions\/26"}],"wp:featuredmedia":[{"embeddable":true,"href":"https:\/\/www.aigner-dt.de\/index.php?rest_route=\/wp\/v2\/media\/181"}],"wp:attachment":[{"href":"https:\/\/www.aigner-dt.de\/index.php?rest_route=%2Fwp%2Fv2%2Fmedia&parent=5"}],"curies":[{"name":"wp","href":"https:\/\/api.w.org\/{rel}","templated":true}]}}