{"id":172,"date":"2022-10-01T12:41:45","date_gmt":"2022-10-01T12:41:45","guid":{"rendered":"https:\/\/www.aigner-dt.de\/?page_id=172"},"modified":"2022-10-01T12:53:12","modified_gmt":"2022-10-01T12:53:12","slug":"automatisation","status":"publish","type":"page","link":"https:\/\/www.aigner-dt.de\/?page_id=172","title":{"rendered":"Automatisation"},"content":{"rendered":"<a href=\"https:\/\/www.aigner-dt.de\/wp-content\/uploads\/2022\/01\/MM2052-Steuerung.pdf\">MM2052 Steuerung<\/a> <a href=\"https:\/\/www.aigner-dt.de\/wp-content\/uploads\/2022\/01\/Anleitung-MM2056-Schrittmotorsteuerung.pdf\">Anleitung MM2056 Schrittmotorsteuerung<\/a>\r\n\r\n<!-- \/wp:heading -->\r\n\r\n&#8230; Dioramenbau, Modellbau und Museumselektronik.\r\nGestalten Sie Ihre Einrichtung f\u00fcr die Besucher mit unseren L\u00f6sungen,\r\ninteressant, lehrreich und anspruchsvoll\u2026<strong>\r\n\r\nNeue Steuerungen f\u00fcr den Professionelle Anwendungen:\r\n\r\nSchrittmotorsteuerung MM2052\/2054\r\n<\/strong>\r\n<p class=\"hide-if-no-js\"><a id=\"set-post-thumbnail\" class=\"thickbox\" href=\"https:\/\/www.aigner-dt.de\/wp-admin\/media-upload.php?post_id=5&amp;type=image&amp;TB_iframe=1\" aria-describedby=\"set-post-thumbnail-desc\"><img loading=\"lazy\" class=\"attachment-post-thumbnail \" src=\"https:\/\/www.aigner-dt.de\/wp-content\/uploads\/2022\/01\/MM2052-600x380.png\" alt=\"\" width=\"351\" height=\"222\" \/><\/a>\r\n\r\n<strong>Features:\r\n<\/strong><\/p>\r\nSchrittmotoren sind f\u00fcr die exakte Bewegung Ihres Pojektes erste Wahl.\r\nMit der MM2052\/54 Steuerung holen Sie das Beste aus den Motoren heraus!\r\nHauchen Sie Ihren Modellen Leben ein.\r\nMit der Motion Stepper Steuerung f\u00fcr Ihre Schrittmotoren!\r\n\r\n<strong>Features:<\/strong>\r\n\u2013 Schrittmotorsteuerung f\u00fcr Uni\/Bipolare 5-6Strang Motoren\r\n\u2013 Kompromisslos realistisch\r\n\u2013 Realistische Bewegungen des Modells \u00fcber ein oder zwei Motoren\r\n\u2013 Konfigurierung komplexer Bewegungs abl\u00e4ufe mit der Lern-Funktion\r\n\u2013 Einstellen der Geschwindigkeiten,\u00a0 Beschleunigung und Bremsverhalten der Motoren\r\n<p class=\"hide-if-no-js\"><strong>Bewegungsart:<\/strong> Linearachsen mit oder ohne Endschalter\r\nBeispiele: Linearachsen, Seilwinden, F\u00f6rdert\u00fcrme, Aufz\u00fcge<strong>\r\n\r\nGew\u00f6hnliche Schrittmotore lassen sich Plug and Play anschlie\u00dfen\r\n\r\n<img loading=\"lazy\" class=\"alignnone size-medium wp-image-139\" src=\"https:\/\/www.aigner-dt.de\/wp-content\/uploads\/2022\/01\/Bildschirmfoto-2022-01-05-um-17.34.36-257x300.png\" alt=\"\" width=\"257\" height=\"300\" srcset=\"https:\/\/www.aigner-dt.de\/wp-content\/uploads\/2022\/01\/Bildschirmfoto-2022-01-05-um-17.34.36-257x300.png 257w, https:\/\/www.aigner-dt.de\/wp-content\/uploads\/2022\/01\/Bildschirmfoto-2022-01-05-um-17.34.36-600x699.png 600w, https:\/\/www.aigner-dt.de\/wp-content\/uploads\/2022\/01\/Bildschirmfoto-2022-01-05-um-17.34.36.png 702w\" sizes=\"(max-width: 257px) 100vw, 257px\" \/>\r\n\r\nWeitere Infos PDF.s\r\n<a href=\"https:\/\/www.aigner-dt.de\/wp-content\/uploads\/2022\/01\/MM2052-Schrittmotorsteuerung.pdf\">MM2052 Schrittmotorsteuerung<\/a>\r\n\r\n<\/strong>Unser Priofishop befindet sich im Aufbau.\r\nBestellungen werden momentan nur telefonisch angenommen.\r\n\r\nF\u00fcr Fragen stehen wir Ihnen weiterhin unter:\r\nTel.:0228-38765593\r\nMobil.:01634001889\r\nMail: info@aigner-dt.de\r\nZur Verf\u00fcgung<\/p>\r\n\r\n<div class=\"wp-block-column is-vertically-aligned-top\"><!-- wp:heading {\"level\":3} --><\/div>\r\n<div class=\"wp-block-cover alignwide has-green-background-color has-background-dim is-style-twentytwentyone-border\">\r\n<div class=\"wp-block-cover__inner-container\">\r\n\r\n<!-- \/wp:paragraph --><!-- wp:spacer {\"height\":75} --><!-- \/wp:spacer --><!-- wp:columns -->\r\n<div class=\"wp-block-columns\">\r\n\r\n<!-- wp:column -->\r\n<div class=\"wp-block-column\">\r\n\r\n&nbsp;\r\n\r\n<!-- \/wp:paragraph --><\/div>\r\n<!-- \/wp:column --><!-- wp:column --><!-- \/wp:column --><\/div>\r\n<!-- \/wp:columns --><!-- wp:spacer {\"height\":20} -->\r\n<div class=\"wp-block-spacer\" aria-hidden=\"true\"><\/div>\r\n<\/div>\r\n<\/div>","protected":false},"excerpt":{"rendered":"<p>MM2052 Steuerung Anleitung MM2056 Schrittmotorsteuerung &#8230; Dioramenbau, Modellbau und Museumselektronik. Gestalten Sie Ihre Einrichtung f\u00fcr die Besucher mit unseren L\u00f6sungen, interessant, lehrreich und anspruchsvoll\u2026 Neue Steuerungen f\u00fcr den Professionelle Anwendungen: Schrittmotorsteuerung MM2052\/2054 Features: Schrittmotoren sind f\u00fcr die exakte Bewegung Ihres Pojektes erste Wahl. Mit der MM2052\/54 Steuerung holen Sie das Beste aus den Motoren heraus!&hellip; <a href=\"https:\/\/www.aigner-dt.de\/?page_id=172\" class=\"more-link\">Weiterlesen <span class=\"screen-reader-text\">Automatisation<\/span><\/a><\/p>\n","protected":false},"author":1,"featured_media":0,"parent":0,"menu_order":0,"comment_status":"closed","ping_status":"closed","template":"","meta":{"spay_email":""},"_links":{"self":[{"href":"https:\/\/www.aigner-dt.de\/index.php?rest_route=\/wp\/v2\/pages\/172"}],"collection":[{"href":"https:\/\/www.aigner-dt.de\/index.php?rest_route=\/wp\/v2\/pages"}],"about":[{"href":"https:\/\/www.aigner-dt.de\/index.php?rest_route=\/wp\/v2\/types\/page"}],"author":[{"embeddable":true,"href":"https:\/\/www.aigner-dt.de\/index.php?rest_route=\/wp\/v2\/users\/1"}],"replies":[{"embeddable":true,"href":"https:\/\/www.aigner-dt.de\/index.php?rest_route=%2Fwp%2Fv2%2Fcomments&post=172"}],"version-history":[{"count":2,"href":"https:\/\/www.aigner-dt.de\/index.php?rest_route=\/wp\/v2\/pages\/172\/revisions"}],"predecessor-version":[{"id":179,"href":"https:\/\/www.aigner-dt.de\/index.php?rest_route=\/wp\/v2\/pages\/172\/revisions\/179"}],"wp:attachment":[{"href":"https:\/\/www.aigner-dt.de\/index.php?rest_route=%2Fwp%2Fv2%2Fmedia&parent=172"}],"curies":[{"name":"wp","href":"https:\/\/api.w.org\/{rel}","templated":true}]}}